{"id":12442,"date":"2022-12-20T22:06:45","date_gmt":"2022-12-21T01:06:45","guid":{"rendered":"https:\/\/edicoes.portaldoenvelhecimento.com.br\/novo\/?post_type=product&#038;p=12442"},"modified":"2025-12-02T02:17:09","modified_gmt":"2025-12-02T05:17:09","slug":"premio-arte-e-literatura-usp-60","status":"publish","type":"product","link":"https:\/\/edicoes.portaldoenvelhecimento.com.br\/novo\/produto\/premio-arte-e-literatura-usp-60\/","title":{"rendered":"Pr\u00eamio Arte e Literatura USP 60+"},"content":{"rendered":"<div class=\"page\" title=\"Page 1\">\n<div class=\"layoutArea\">\n<div class=\"column\">\n<div class=\"page\" title=\"Page 1\">\n<div class=\"layoutArea\">\n<div class=\"column\">\n<div class=\"page\" title=\"Page 1\">\n<div class=\"layoutArea\">\n<div class=\"column\">\n<div class=\"page\" title=\"Page 1\">\n<div class=\"layoutArea\">\n<div class=\"column\">\n<div class=\"column\">\n<p><strong>SUM\u00c1RIO<\/strong><\/p>\n<p>Das larguras do tempo&#8230;&#8230;&#8230;&#8230;&#8230;&#8230;&#8230;&#8230;&#8230;&#8230;&#8230;&#8230;&#8230;. Aur\u00e9lio Aquino<\/p>\n<p>Reveses Juninos&#8230;&#8230;&#8230;&#8230;&#8230;&#8230;&#8230;&#8230;&#8230;&#8230;&#8230;&#8230;&#8230;&#8230;&#8230;.Sandra Eliane Radin<\/p>\n<p>Adubo&#8230;&#8230;&#8230;&#8230;&#8230;&#8230;&#8230;&#8230;&#8230;&#8230;&#8230;&#8230;&#8230;&#8230;&#8230;&#8230;&#8230;&#8230;&#8230;&#8230;&#8230;&#8230; Alexandre Humberto Andrei<\/p>\n<p>Inquilinos da via p\u00fablica&#8230;&#8230;&#8230;&#8230;&#8230;&#8230;&#8230;&#8230;&#8230;&#8230;&#8230;&#8230;.. Coracy Teixeira Bessa<\/p>\n<p>O deserto l\u00e1 fora&#8230;&#8230;&#8230;&#8230;&#8230;&#8230;&#8230;&#8230;&#8230;&#8230;&#8230;&#8230;&#8230;&#8230;&#8230;&#8230;..Eduardo Henrique<\/p>\n<p>Divina pedra&#8230;&#8230;&#8230;&#8230;&#8230;&#8230;&#8230;&#8230;&#8230;&#8230;&#8230;&#8230;&#8230;&#8230;&#8230;Maria Sileuda Moreira de Oliveira<\/p>\n<p>Err\u00e1tico&#8230;&#8230;&#8230;&#8230;&#8230;&#8230;&#8230;&#8230;&#8230;&#8230;&#8230;&#8230;&#8230;&#8230;&#8230;&#8230;.. Paulo Cesar Alves Paulo Monteiro<\/p>\n<p>O vel\u00f3rio do carroceiro&#8230;&#8230;&#8230;&#8230;&#8230;&#8230;&#8230;&#8230;&#8230;&#8230;. Sebasti\u00e3o Aparecido Ferreira<\/p>\n<p>Os donos do meu mundo&#8230;&#8230;&#8230;&#8230;&#8230;&#8230;&#8230;&#8230;&#8230;&#8230;&#8230;&#8230;&#8230;&#8230;&#8230;&#8230;&#8230;&#8230; Delamar da Cruz<\/p>\n<p>Quixote&#8230;&#8230;&#8230;&#8230;&#8230;&#8230;&#8230;&#8230;&#8230;&#8230;&#8230;&#8230;&#8230;&#8230;&#8230;..Joaquim Alfredo Guimar\u00e3es Garcia<\/p>\n<p>Navegante&#8230;&#8230;&#8230;&#8230;&#8230;&#8230;&#8230;&#8230;&#8230;&#8230;&#8230;&#8230;&#8230;&#8230;&#8230;Rogerio Luz<\/p>\n<p>Houve uma vez um fantoche&#8230;&#8230;&#8230;&#8230;&#8230;&#8230;&#8230;&#8230;&#8230;&#8230;&#8230;&#8230; Cristina Vergnano<\/p>\n<p>Prosaicos&#8230;&#8230;&#8230;&#8230;&#8230;&#8230;&#8230;&#8230;&#8230;&#8230;&#8230;&#8230;&#8230;&#8230;.Fl\u00e1vio Rubens Machado de Queiroz<\/p>\n<p>Celeiro de lembran\u00e7as&#8230;&#8230;&#8230;&#8230;&#8230;&#8230;&#8230;&#8230;&#8230;&#8230;&#8230;&#8230;&#8230;..Maria L\u00facia Daloce<\/p>\n<p>Acrobacia&#8230;&#8230;&#8230;&#8230;&#8230;&#8230;&#8230;&#8230;&#8230;&#8230;&#8230;&#8230;&#8230;&#8230;&#8230;&#8230;&#8230;&#8230;&#8230;Rita de C\u00e1ssia Alves<\/p>\n<p>A lua vermelha&#8230;&#8230;&#8230;&#8230;&#8230;&#8230;&#8230;&#8230;&#8230;&#8230;&#8230;&#8230;&#8230;&#8230;&#8230;&#8230;&#8230;&#8230;&#8230;&#8230;&#8230;&#8230; Alberto Arecchi<\/p>\n<p>Ef\u00eamera ilus\u00e3o&#8230;&#8230;&#8230;&#8230;&#8230;&#8230;&#8230;&#8230;&#8230;&#8230;&#8230;&#8230;&#8230;&#8230;&#8230;&#8230;&#8230;Antonio Gil Neto<\/p>\n<p>1968&#8230;&#8230;&#8230;&#8230;. Suely Aparecida Schraner<\/p>\n<p>Efeitos do clima&#8230;&#8230;&#8230;&#8230;&#8230;&#8230;.Fernando A. Fonseca<\/p>\n<p>A Cidade Na N\u00e9voa&#8230;&#8230;&#8230;&#8230;&#8230;&#8230;&#8230;&#8230;..M\u00fcller Barone<\/p>\n<p>&nbsp;<\/p>\n<\/div>\n<p><strong>Caracter\u00edsticas do Produto:<\/strong><br \/>\nPESO: 0,350 Kg<br \/>\nI.S.B.N.: 978-85-69350-46-0<br \/>\nALTURA: 23,00 cm<br \/>\nLARGURA: 16,00 cm<br \/>\nPROFUNDIDADE: 1,2 cm<br \/>\nN\u00daMERO DE P\u00c1GINAS: 212<br \/>\nIDIOMA: Portugu\u00eas<br \/>\nACABAMENTO: Brochura<br \/>\nC\u00d3D. BARRAS:\u00a09788569350460<br \/>\nANO DA EDI\u00c7\u00c3O: 2022<br \/>\nOrganizador: Eg\u00eddio Dora<\/p>\n<\/div>\n<\/div>\n<\/div>\n<\/div>\n<\/div>\n<\/div>\n<\/div>\n<\/div>\n<\/div>\n<\/div>\n<\/div>\n<\/div>\n","protected":false},"excerpt":{"rendered":"<p>Este livro cont\u00e9m, intercalados, os 20 poemas e 20 relatos ganhadores da primeira edi\u00e7\u00e3o do Pr\u00eamio Arte e Literatura USP 60+, dedicado \u00e0 autores s\u00eanior, ou seja, com mais de 60 anos. \u00c9 um concurso nacional que se encontra atualmente na segunda edi\u00e7\u00e3o e que j\u00e1 \u00e9 o maior do Brasil dedicado a esta faixa et\u00e1ria. Ainda h\u00e1 tempo de se inscrever para participar da segunda edi\u00e7\u00e3o:<\/p>\n<p>https:\/\/prceu.usp.br\/usp60\/noticia\/premio-arte-e-literatura-usp60\/<\/p>\n<p>&nbsp;<\/p>\n","protected":false},"featured_media":12447,"comment_status":"open","ping_status":"closed","template":"","meta":{"_bbp_topic_count":0,"_bbp_reply_count":0,"_bbp_total_topic_count":0,"_bbp_total_reply_count":0,"_bbp_voice_count":0,"_bbp_anonymous_reply_count":0,"_bbp_topic_count_hidden":0,"_bbp_reply_count_hidden":0,"_bbp_forum_subforum_count":0,"pmpro_default_level":""},"product_brand":[],"product_cat":[67,66,80,69],"product_tag":[70,68,81],"class_list":{"0":"post-12442","1":"product","2":"type-product","3":"status-publish","4":"has-post-thumbnail","6":"product_cat-ebooks","7":"product_cat-livros","8":"product_cat-loja","9":"product_cat-todos-livros","10":"product_tag-ebook","11":"product_tag-livros","12":"product_tag-loja","13":"pmpro-has-access","15":"first","16":"instock","17":"shipping-taxable","18":"purchasable","19":"product-type-variable"},"_links":{"self":[{"href":"https:\/\/edicoes.portaldoenvelhecimento.com.br\/novo\/wp-json\/wp\/v2\/product\/12442","targetHints":{"allow":["GET"]}}],"collection":[{"href":"https:\/\/edicoes.portaldoenvelhecimento.com.br\/novo\/wp-json\/wp\/v2\/product"}],"about":[{"href":"https:\/\/edicoes.portaldoenvelhecimento.com.br\/novo\/wp-json\/wp\/v2\/types\/product"}],"replies":[{"embeddable":true,"href":"https:\/\/edicoes.portaldoenvelhecimento.com.br\/novo\/wp-json\/wp\/v2\/comments?post=12442"}],"version-history":[{"count":3,"href":"https:\/\/edicoes.portaldoenvelhecimento.com.br\/novo\/wp-json\/wp\/v2\/product\/12442\/revisions"}],"predecessor-version":[{"id":29756,"href":"https:\/\/edicoes.portaldoenvelhecimento.com.br\/novo\/wp-json\/wp\/v2\/product\/12442\/revisions\/29756"}],"wp:featuredmedia":[{"embeddable":true,"href":"https:\/\/edicoes.portaldoenvelhecimento.com.br\/novo\/wp-json\/wp\/v2\/media\/12447"}],"wp:attachment":[{"href":"https:\/\/edicoes.portaldoenvelhecimento.com.br\/novo\/wp-json\/wp\/v2\/media?parent=12442"}],"wp:term":[{"taxonomy":"product_brand","embeddable":true,"href":"https:\/\/edicoes.portaldoenvelhecimento.com.br\/novo\/wp-json\/wp\/v2\/product_brand?post=12442"},{"taxonomy":"product_cat","embeddable":true,"href":"https:\/\/edicoes.portaldoenvelhecimento.com.br\/novo\/wp-json\/wp\/v2\/product_cat?post=12442"},{"taxonomy":"product_tag","embeddable":true,"href":"https:\/\/edicoes.portaldoenvelhecimento.com.br\/novo\/wp-json\/wp\/v2\/product_tag?post=12442"}],"curies":[{"name":"wp","href":"https:\/\/api.w.org\/{rel}","templated":true}]}}