{"id":12430,"date":"2025-10-16T21:32:51","date_gmt":"2025-10-17T00:32:51","guid":{"rendered":"https:\/\/edicoes.portaldoenvelhecimento.com.br\/novo\/?post_type=product&#038;p=12430"},"modified":"2026-04-28T18:48:02","modified_gmt":"2026-04-28T21:48:02","slug":"curatela-perguntas-e-respostas","status":"publish","type":"product","link":"https:\/\/edicoes.portaldoenvelhecimento.com.br\/novo\/produto\/curatela-perguntas-e-respostas\/","title":{"rendered":"Curatela: Perguntas e Respostas"},"content":{"rendered":"<div class=\"page\" title=\"Page 1\">\n<div class=\"layoutArea\">\n<div class=\"column\">\n<div class=\"page\" title=\"Page 1\">\n<div class=\"layoutArea\">\n<div class=\"column\">\n<div class=\"page\" title=\"Page 1\">\n<div class=\"layoutArea\">\n<div class=\"column\">\n<div class=\"page\" title=\"Page 1\">\n<div class=\"layoutArea\">\n<div class=\"column\">\n<div class=\"page\" title=\"Page 1\">\n<div class=\"page\" title=\"Page 1\">\n<p><strong><img decoding=\"async\" src=\"data:image\/png;base64,iVBORw0KGgoAAAANSUhEUgAAAAIAAAAUCAYAAACnOeyiAAAAAXNSR0IArs4c6QAAAHhlWElmTU0AKgAAAAgABAEaAAUAAAABAAAAPgEbAAUAAAABAAAARgEoAAMAAAABAAIAAIdpAAQAAAABAAAATgAAAAAADJVXAAAkYwAMlVcAACRjAAOgAQADAAAAAQABAACgAgAEAAAAAQAAAAKgAwAEAAAAAQAAABQAAAAAI44WigAAAAlwSFlzAAANnQAADZ0B5n0V\/QAAACVJREFUCB1j+P\/\/\/y4gtmMEEv8ZGBjCmIAEGAw2BgPQgaFALAMAyOsR02ncfpYAAAAASUVORK5CYII=\" alt=\"page1image33675152\" width=\"1.332521\" height=\"19.854710\" \/>SUMA\u0301RIO<\/strong><\/p>\n<div class=\"layoutArea\">\n<div class=\"column\">\n<p>Prefa\u0301cio &#8230;&#8230;&#8230;&#8230;&#8230;&#8230;&#8230;&#8230;&#8230;&#8230;&#8230;&#8230;&#8230;&#8230;&#8230;&#8230;&#8230;&#8230;&#8230;&#8230;&#8230;&#8230;&#8230;&#8230;&#8230;.. 11 \u00a0 \u00a0 \u00a0 \u00a0 \u00a0 \u00a0 \u00a0 \u00a0 \u00a0 \u00a0 \u00a0 \u00a0 \u00a0 \u00a0 \u00a0 \u00a0 \u00a0 \u00a0 \u00a0 \u00a0 \u00a0 \u00a0 \u00a0 \u00a0 \u00a0 \u00a0 \u00a0 \u00a0 \u00a0 \u00a0 \u00a0 \u00a0 \u00a0 \u00a0 \u00a0 \u00a0 \u00a0 \u00a0 Um ato de amor<br \/>\nAlexandre de Oliveira Alca\u0302ntara<\/p>\n<p>Introduc\u0327a\u0303o &#8230;&#8230;&#8230;&#8230;&#8230;&#8230;&#8230;&#8230;&#8230;&#8230;&#8230;&#8230;&#8230;&#8230;&#8230;&#8230;&#8230;&#8230;&#8230;&#8230;&#8230;&#8230;&#8230;&#8230; 25<\/p>\n<p><strong>CAPI\u0301TULO I<\/strong><\/p>\n<p>Conhecimentos gerais sobre a curatela &#8230;&#8230;&#8230;&#8230;&#8230;&#8230;&#8230;&#8230;.. 29<\/p>\n<p>01) O que e\u0301 a curatela? &#8230;&#8230;&#8230;&#8230;&#8230;&#8230;&#8230;&#8230;&#8230;&#8230;&#8230;&#8230;&#8230;&#8230;&#8230;&#8230;&#8230;&#8230; 31<\/p>\n<p>02) O correto e\u0301 usar a expressa\u0303o interdic\u0327a\u0303o ou a expressa\u0303o curatela? &#8230;&#8230;.. 32<\/p>\n<p>03) Curatela ou tomada de decisa\u0303o apoiada?&#8230;&#8230;&#8230;&#8230;&#8230;&#8230; 37<\/p>\n<p>04) Curatela ou procurac\u0327a\u0303o? &#8230;&#8230;&#8230;&#8230;&#8230;&#8230;&#8230;&#8230;&#8230;&#8230;&#8230;&#8230;&#8230;&#8230;.. 43<\/p>\n<p>05) Qual e\u0301 o objetivo de uma ac\u0327a\u0303o de curatela? &#8230;&#8230;&#8230;&#8230;.. 49<\/p>\n<p>06) Por que fazer uma ac\u0327a\u0303o de curatela? &#8230;&#8230;&#8230;&#8230;&#8230;&#8230;&#8230;&#8230;. 50<\/p>\n<p>07) Qual e\u0301 o momento certo para se fazer uma ac\u0327a\u0303o de curatela? &#8230;&#8230;&#8230;&#8230;.. 54<\/p>\n<\/div>\n<\/div>\n<p>08) Quais sa\u0303o os documentos necessa\u0301rios para se propor uma ac\u0327a\u0303o de curatela? &#8230;&#8230;&#8230;&#8230;. 57<\/p>\n<\/div>\n<div class=\"page\" title=\"Page 2\">\n<div class=\"layoutArea\">\n<div class=\"column\">\n<p>09) Quanto tempo uma ac\u0327a\u0303o de curatela demora para terminar? &#8230;&#8230;&#8230;&#8230;&#8230;&#8230;&#8230;.. 61<\/p>\n<p>10) Quais sa\u0303o os custos de uma ac\u0327a\u0303o de curatela? &#8230;&#8230;&#8230; 62<\/p>\n<p>11) Quem paga os custos de uma ac\u0327a\u0303o de curatela? &#8230;.. 65<\/p>\n<p>12) Onde tramita uma ac\u0327a\u0303o de curatela? &#8230;&#8230;&#8230;&#8230;&#8230;&#8230;&#8230;.. 66<\/p>\n<p>13) Quem participa de uma ac\u0327a\u0303o de curatela? &#8230;&#8230;&#8230;&#8230;.. 70<\/p>\n<p>14) O que e\u0301 a curatela proviso\u0301ria? &#8230;&#8230;&#8230;&#8230;&#8230;&#8230;&#8230;&#8230;&#8230;&#8230;&#8230; 74<\/p>\n<p>15) O que e\u0301 a curatela definitiva? &#8230;&#8230;&#8230;&#8230;&#8230;&#8230;&#8230;&#8230;&#8230;&#8230;&#8230;.. 77<\/p>\n<p>16) Por que e\u0301 errado dizer interdic\u0327a\u0303o absoluta? &#8230;&#8230;&#8230;. 79<\/p>\n<p>17) Apenas um dos familiares quer a curatela. E agora? &#8230;.. 80<\/p>\n<p>18) Recebi uma citac\u0327a\u0303o de um processo de curatela movido contra mim. O que fazer? &#8230;&#8230;&#8230;. 81<\/p>\n<\/div>\n<\/div>\n<\/div>\n<div class=\"page\" title=\"Page 3\">\n<div class=\"layoutArea\">\n<div class=\"column\">\n<p>19) A ac\u0327a\u0303o de curatela possibilita que algue\u0301m se beneficie dos bens e valores do\/a curatelado\/a \u2013 por que essa afirmativa e\u0301 uma grande mentira? &#8230;&#8230;&#8230;&#8230;&#8230;&#8230;&#8230;&#8230;&#8230;&#8230;.. 83<\/p>\n<p>20) Por que propor uma ac\u0327a\u0303o de curatela na\u0303o pode ser sino\u0302mino de preconceito? &#8230;&#8230;&#8230;&#8230;.. 84<\/p>\n<p>21) Existe a autocuratela? &#8230;&#8230;&#8230;&#8230;&#8230;&#8230;&#8230;&#8230;&#8230;&#8230;&#8230;&#8230;&#8230;&#8230;&#8230;.. 86<\/p>\n<p>22) Qual e\u0301 o tra\u0302mite processual de uma ac\u0327a\u0303o de curatela &#8230; 88<\/p>\n<p>23) A entrevista no processo de curatela e\u0301 obrigato\u0301ria? &#8230;&#8230; 93<\/p>\n<p>24) A peri\u0301cia e\u0301 obrigato\u0301ria no processo de curatela? &#8230; 97<\/p>\n<p>25) Qual e\u0301 a importa\u0302ncia de a peri\u0301cia ser realizada por uma equipe multidisciplinar? &#8230;&#8230;&#8230; 100<\/p>\n<p>26) A peri\u0301cia pode ser realizada no domici\u0301lio do\/a curatelando\/a? &#8230;&#8230;&#8230;&#8230;&#8230;&#8230; 103<\/p>\n<p>27) Qual a importa\u0302ncia de saber quando se iniciou o comprometimento cognitivo que levou a\u0300 ac\u0327a\u0303o de curatela? &#8230;&#8230;&#8230;&#8230;&#8230;&#8230;&#8230;&#8230;&#8230;&#8230;&#8230;&#8230;&#8230;&#8230;&#8230;&#8230;&#8230;&#8230;&#8230;&#8230;&#8230;&#8230;&#8230;&#8230;.. 105<\/p>\n<p>28) Qual a importa\u0302ncia do documento me\u0301dico na ac\u0327a\u0303o de curatela? &#8230;&#8230;&#8230;&#8230;&#8230;&#8230;. 106<\/p>\n<\/div>\n<\/div>\n<p><img decoding=\"async\" src=\"data:image\/png;base64,iVBORw0KGgoAAAANSUhEUgAAABIAAAACCAYAAABVGIzMAAAAAXNSR0IArs4c6QAAAHhlWElmTU0AKgAAAAgABAEaAAUAAAABAAAAPgEbAAUAAAABAAAARgEoAAMAAAABAAIAAIdpAAQAAAABAAAATgAAAAAABNzHAAAN2AAE3McAAA3YAAOgAQADAAAAAQABAACgAgAEAAAAAQAAABKgAwAEAAAAAQAAAAIAAAAApXvIbwAAAAlwSFlzAAAN1AAADdQB75G6FQAAACVJREFUCB1j\/P\/\/vwwDA4MlEJMLHjMyMp5gABoUCsSUgBUgFwAAXolHvWQBTgIAAAAASUVORK5CYII=\" alt=\"page3image33682432\" width=\"17.322776\" height=\"1.332521\" \/>29) O que consta na sentenc\u0327a que decreta a curatela? &#8230; 108 30) Por que a decisa\u0303o de curatela precisa ter publicada? &#8230; 112 31) Como se da\u0301 publicidade para a decisa\u0303o de curatela? &#8230; 115<\/p>\n<\/div>\n<div class=\"page\" title=\"Page 4\">\n<div class=\"layoutArea\">\n<div class=\"column\">\n<p>32) E\u0301 possi\u0301vel uma ac\u0327a\u0303o judicial se os o\u0301rga\u0303os\/bancos estiverem cientes da curatela e dificultarem as tratativas necessa\u0301rias? &#8230;&#8230;&#8230;&#8230;&#8230;&#8230;&#8230;&#8230;&#8230;&#8230;&#8230;&#8230;&#8230;&#8230;&#8230;&#8230;&#8230;&#8230;&#8230;&#8230;&#8230;&#8230;&#8230; 117<\/p>\n<p>33) A curatela pode ser revertida? &#8230;&#8230;&#8230;&#8230;&#8230;&#8230;&#8230;&#8230;&#8230;&#8230;&#8230; 118<\/p>\n<p><strong>CAPI\u0301TULO II<\/strong><\/p>\n<p>Conhecimentos sobre o\/a curador\/a &#8230;&#8230;&#8230;&#8230;&#8230;&#8230;&#8230;&#8230;&#8230;. 123<\/p>\n<p>34) Quem pode ser curador\/a? &#8230;&#8230;&#8230;&#8230;&#8230;&#8230;&#8230;&#8230;&#8230;&#8230;&#8230;&#8230;.. 125<\/p>\n<p>35) Como escolher o\/a curador\/a? &#8230;&#8230;&#8230;&#8230;&#8230;&#8230;&#8230;&#8230;&#8230;&#8230;.. 129<\/p>\n<p>36) O que faz o\/a curador\/a? &#8230;&#8230;&#8230;&#8230;&#8230;&#8230;&#8230;&#8230;&#8230;&#8230;&#8230;&#8230;&#8230;.. 130<\/p>\n<p>37) E\u0301 possi\u0301vel na\u0303o aceitar o encargo de curador\/a? &#8230;.. 135<\/p>\n<p>38) E\u0301 possi\u0301vel substituir o\/a curador\/a? &#8230;&#8230;&#8230;&#8230;&#8230;&#8230;&#8230;. 138<\/p>\n<p>39) Ha\u0301 um nu\u0301mero limite de pessoas de quem posso ser curador\/a? &#8230;&#8230;&#8230;&#8230;&#8230;&#8230;.. 141<\/p>\n<\/div>\n<\/div>\n<p>40) O que e\u0301 um\/a curador\/a especial? &#8230;&#8230;&#8230;&#8230;&#8230;&#8230;&#8230;&#8230;&#8230; 143<\/p>\n<\/div>\n<div title=\"Page 4\"><\/div>\n<div class=\"page\" title=\"Page 4\">41) Existe curador\/a informal? &#8230;&#8230;&#8230;&#8230;&#8230;&#8230;&#8230;&#8230;&#8230;&#8230;&#8230;&#8230;. 145<\/div>\n<div class=\"page\" title=\"Page 5\">\n<div class=\"layoutArea\">\n<div class=\"column\">\n<p>42) O que acontece com o\/a curador\/a que agir indevidamente no exerci\u0301cio de suas func\u0327o\u0303es? &#8230;.. 148<\/p>\n<p>43) O\/a curador\/a pode ser responsabilizado\/a mesmo apo\u0301s o falecimento da pessoa curatelada? &#8230; 152<\/p>\n<p>44) O\/a curador\/a e\u0301 responsa\u0301vel pelos crimes\/danos que o\/a curatelado\/a causar? &#8230;&#8230;&#8230; 154<\/p>\n<p>45) O que acontece se o\/a curador na\u0303o informar sobre uma curatela, mesmo que proviso\u0301ria, e o\/a curatelado\/a firmar um nego\u0301cio juri\u0301dico? &#8230;&#8230;&#8230;&#8230;&#8230;&#8230;&#8230;&#8230;&#8230;&#8230;&#8230;&#8230;&#8230;&#8230; 156<\/p>\n<p><strong>CAPI\u0301TULO III<\/strong><\/p>\n<p>Conhecimentos sobre o\/a curatelado\/a &#8230;&#8230;&#8230;&#8230;&#8230;&#8230;&#8230;.. 159<\/p>\n<p>46) Quem pode ser curatelado\/a? &#8230;&#8230;&#8230;&#8230;&#8230;&#8230;&#8230;&#8230;&#8230;&#8230;&#8230;. 161<\/p>\n<p>47) Quais direitos o\/a curatelado\/a pode exercer? &#8230;&#8230; 163<\/p>\n<p>48) O\/a curatelado pode morar sozinho\/a? &#8230;&#8230;&#8230;&#8230;&#8230;.. 166<\/p>\n<p>49) O\/a curatelado\/a pode ser parte de um processo judicial?&#8230; 168<\/p>\n<\/div>\n<\/div>\n<p>50) O\/a curatelado\/a pode ter seus bens vendidos? &#8230;. 168<\/p>\n<\/div>\n<div class=\"page\" title=\"Page 6\">\n<div class=\"layoutArea\">\n<div class=\"column\">\n<p>51) O\/a curatelado\/a pode ser inscrito\/a como dependente do\/a curador\/a em planos de sau\u0301de? &#8230; 170<\/p>\n<p>52) Como ocorrem os processos de divo\u0301rcio de pessoas curateladas? &#8230;&#8230;&#8230;&#8230;&#8230; 172<\/p>\n<p><strong>CAPI\u0301TULO IV<\/strong><\/p>\n<p>Considerac\u0327o\u0303es sobre a prestac\u0327a\u0303o de contas na ac\u0327a\u0303o de curatela &#8230;&#8230;&#8230;&#8230;&#8230;&#8230;&#8230;&#8230;&#8230;&#8230; 177<\/p>\n<p>53) O que e\u0301 a prestac\u0327a\u0303o de contas na ac\u0327a\u0303o de curatela? &#8230; 179<\/p>\n<p>54) Qual e\u0301 a finalidade da prestac\u0327a\u0303o de contas? &#8230;&#8230;&#8230;&#8230;182<\/p>\n<p>55) A ac\u0327a\u0303o de prestac\u0327a\u0303o de contas e\u0301 o mesmo processo da curatela? &#8230;&#8230;&#8230;&#8230;&#8230; 184<\/p>\n<p>56) Quem participa da ac\u0327a\u0303o de prestac\u0327a\u0303o de contas? &#8230; 185<\/p>\n<p>57) De quanto em quanto tempo ocorre a prestac\u0327a\u0303o de contas? &#8230;&#8230;&#8230;&#8230;&#8230;&#8230; 192<\/p>\n<p>58) De qual peri\u0301odo se deve prestar contas? &#8230;&#8230;&#8230;&#8230;&#8230;.. 194<\/p>\n<\/div>\n<\/div>\n<p>59) Quais documentos devem ser juntados na ac\u0327a\u0303o de prestac\u0327a\u0303o de contas? &#8230;&#8230;&#8230;&#8230;&#8230;&#8230;. 195<\/p>\n<\/div>\n<div class=\"page\" title=\"Page 7\">\n<div class=\"layoutArea\">\n<div class=\"column\">\n<p>60) Ha\u0301 prestac\u0327a\u0303o de contas se o\/a curador\/a falecer? &#8230; 196<\/p>\n<p>Considerac\u0327o\u0303es finais &#8230;&#8230;&#8230;&#8230; 199<\/p>\n<p>Refere\u0302ncias bibliogra\u0301ficas &#8230;&#8230;&#8230;&#8230;&#8230;&#8230;&#8230;&#8230;&#8230;&#8230;&#8230;&#8230;&#8230;&#8230;&#8230; 201<\/p>\n<p>Anexo 01 &#8211; Tabela do tribunal de justic\u0327a do estado de Sa\u0303o Paulo \u2013 nu\u0301meros de processos de curatela\/interdic\u0327a\u0303o e de tomada de decisa\u0303o apoiada no peri\u0301odo compreendido entre janeiro de 2015 e janeiro de 2025 &#8230;&#8230;&#8230;&#8230;&#8230;&#8230;&#8230;&#8230;. 217<\/p>\n<\/div>\n<\/div>\n<\/div>\n<\/div>\n<div class=\"page\" title=\"Page 1\"><strong>Caracter\u00edsticas do Produto:<\/strong><\/div>\n<p>PESO: 0,240 Kg<br \/>\nI.S.B.N.: 978-85-69350-44-6<br \/>\nALTURA: 23,00 cm<br \/>\nLARGURA: 16,00 cm<br \/>\nPROFUNDIDADE: 1,5 cm<br \/>\nN\u00daMERO DE P\u00c1GINAS: 218<br \/>\nIDIOMA: Portugu\u00eas<br \/>\nACABAMENTO: Brochura<br \/>\nC\u00d3D. BARRAS:\u00a09788569350446<br \/>\nANO DA EDI\u00c7\u00c3O 2: 2025<br \/>\nAutora: Nat\u00e1lia Carolina Verdi<\/p>\n<\/div>\n<\/div>\n<\/div>\n<\/div>\n<\/div>\n<\/div>\n<\/div>\n<\/div>\n<\/div>\n<\/div>\n<\/div>\n<\/div>\n","protected":false},"excerpt":{"rendered":"<p><strong>A Curatela traz consigo muitas d\u00favidas.<\/strong> Por interm\u00e9dio de perguntas e respostas, o livro busca esclarecer algumas delas, que s\u00e3o comumente recebidas pela Autora ao longo da sua jornada profissional. Sem preocupa\u00e7\u00e3o com normas acad\u00eamicas, o texto tem como objetivo esclarecer pontos sobre a Curatela da maneira menos t\u00e9cnica e mais clara poss\u00edvel.<\/p>\n<p>O presente trabalho \u00e9 <strong>dividido em cinco t\u00f3picos:<\/strong> 1. Conhecimentos Iniciais; 2. Conhecimentos sobre o\/a Curador\/a; 3. Conhecimentos sobre o\/a Curatelado\/a; 4. No\u00e7\u00f5es Gerais sobre a A\u00e7\u00e3o da Curatela; 5. Presta\u00e7\u00e3o de Contas na Curatela.<\/p>\n<p>&nbsp;<\/p>\n<h3>E-book gr\u00e1tis somente entre 29\/08 e 31\/08!<\/h3>\n<p>Para adquirir o e-book selecione &#8220;e-book&#8221; no campo Formato, adicione ao carrinho e finalize a compra (o site n\u00e3o pedir\u00e1 informa\u00e7\u00f5es de pagamento).<\/p>\n","protected":false},"featured_media":38196,"comment_status":"open","ping_status":"closed","template":"","meta":{"_bbp_topic_count":0,"_bbp_reply_count":0,"_bbp_total_topic_count":0,"_bbp_total_reply_count":0,"_bbp_voice_count":0,"_bbp_anonymous_reply_count":0,"_bbp_topic_count_hidden":0,"_bbp_reply_count_hidden":0,"_bbp_forum_subforum_count":0,"pmpro_default_level":""},"product_brand":[],"product_cat":[67,66,80,69],"product_tag":[70,68,81],"class_list":{"0":"post-12430","1":"product","2":"type-product","3":"status-publish","4":"has-post-thumbnail","6":"product_cat-ebooks","7":"product_cat-livros","8":"product_cat-loja","9":"product_cat-todos-livros","10":"product_tag-ebook","11":"product_tag-livros","12":"product_tag-loja","13":"pmpro-has-access","15":"first","16":"instock","17":"shipping-taxable","18":"purchasable","19":"product-type-variable"},"_links":{"self":[{"href":"https:\/\/edicoes.portaldoenvelhecimento.com.br\/novo\/wp-json\/wp\/v2\/product\/12430","targetHints":{"allow":["GET"]}}],"collection":[{"href":"https:\/\/edicoes.portaldoenvelhecimento.com.br\/novo\/wp-json\/wp\/v2\/product"}],"about":[{"href":"https:\/\/edicoes.portaldoenvelhecimento.com.br\/novo\/wp-json\/wp\/v2\/types\/product"}],"replies":[{"embeddable":true,"href":"https:\/\/edicoes.portaldoenvelhecimento.com.br\/novo\/wp-json\/wp\/v2\/comments?post=12430"}],"version-history":[{"count":9,"href":"https:\/\/edicoes.portaldoenvelhecimento.com.br\/novo\/wp-json\/wp\/v2\/product\/12430\/revisions"}],"predecessor-version":[{"id":41123,"href":"https:\/\/edicoes.portaldoenvelhecimento.com.br\/novo\/wp-json\/wp\/v2\/product\/12430\/revisions\/41123"}],"wp:featuredmedia":[{"embeddable":true,"href":"https:\/\/edicoes.portaldoenvelhecimento.com.br\/novo\/wp-json\/wp\/v2\/media\/38196"}],"wp:attachment":[{"href":"https:\/\/edicoes.portaldoenvelhecimento.com.br\/novo\/wp-json\/wp\/v2\/media?parent=12430"}],"wp:term":[{"taxonomy":"product_brand","embeddable":true,"href":"https:\/\/edicoes.portaldoenvelhecimento.com.br\/novo\/wp-json\/wp\/v2\/product_brand?post=12430"},{"taxonomy":"product_cat","embeddable":true,"href":"https:\/\/edicoes.portaldoenvelhecimento.com.br\/novo\/wp-json\/wp\/v2\/product_cat?post=12430"},{"taxonomy":"product_tag","embeddable":true,"href":"https:\/\/edicoes.portaldoenvelhecimento.com.br\/novo\/wp-json\/wp\/v2\/product_tag?post=12430"}],"curies":[{"name":"wp","href":"https:\/\/api.w.org\/{rel}","templated":true}]}}