{"id":12403,"date":"2022-12-20T14:26:10","date_gmt":"2022-12-20T17:26:10","guid":{"rendered":"https:\/\/edicoes.portaldoenvelhecimento.com.br\/novo\/?post_type=product&#038;p=12403"},"modified":"2025-12-02T02:17:08","modified_gmt":"2025-12-02T05:17:08","slug":"o-corpo-envelhescente-percepcoes-de-mulheres-a-partir-dos-40-anos","status":"publish","type":"product","link":"https:\/\/edicoes.portaldoenvelhecimento.com.br\/novo\/produto\/o-corpo-envelhescente-percepcoes-de-mulheres-a-partir-dos-40-anos\/","title":{"rendered":"O Corpo Envelhescente: Percep\u00e7\u00f5es de Mulheres a Partir dos 40 Anos"},"content":{"rendered":"<div class=\"page\" title=\"Page 1\">\n<div class=\"layoutArea\">\n<div class=\"column\">\n<div class=\"page\" title=\"Page 1\">\n<div class=\"layoutArea\">\n<div class=\"column\">\n<div class=\"page\" title=\"Page 1\">\n<div class=\"layoutArea\">\n<div class=\"column\">\n<div class=\"page\" title=\"Page 1\">\n<div class=\"layoutArea\">\n<div class=\"column\">\n<div class=\"column\">\n<p><strong>SUM\u00c1RIO<\/strong><\/p>\n<\/div>\n<p>Pref\u00e1cio&#8230;&#8230;&#8230;&#8230;&#8230;&#8230;&#8230;&#8230;&#8230;&#8230;&#8230;.09<\/p>\n<div class=\"column\">\n<p>Introdu\u00e7\u00e3o&#8230;&#8230;&#8230;&#8230;&#8230;&#8230;&#8230;&#8230;&#8230;&#8230;11<\/p>\n<p>A rela\u00e7\u00e3o do corpo que envelhece e as mulheres&#8230;&#8230;&#8230;&#8230;11<\/p>\n<p>Comportamento e padr\u00f5es est\u00e9ticos atuais&#8230;&#8230;&#8230;&#8230;&#8230;&#8230;&#8230;13<\/p>\n<p>As participantes&#8230;&#8230;&#8230;&#8230;&#8230;&#8230;&#8230;&#8230;&#8230;&#8230;&#8230;&#8230;&#8230;&#8230;&#8230;&#8230;&#8230;&#8230;&#8230;&#8230;&#8230;.15<\/p>\n<p>O estudo&#8230;&#8230;&#8230;&#8230;&#8230;&#8230;&#8230;&#8230;&#8230;&#8230;&#8230;&#8230;&#8230;&#8230;&#8230;&#8230;&#8230;&#8230;&#8230;&#8230;&#8230;&#8230;&#8230;&#8230;&#8230;.17<\/p>\n<p>Resultado&#8230;&#8230;&#8230;&#8230;&#8230;&#8230;&#8230;&#8230;&#8230;&#8230;&#8230;&#8230;&#8230;&#8230;&#8230;&#8230;&#8230;&#8230;&#8230;&#8230;&#8230;&#8230;&#8230;&#8230;..19<\/p>\n<p>A identifica\u00e7\u00e3o do corpo&#8230;&#8230;&#8230;&#8230;&#8230;&#8230;&#8230;&#8230;&#8230;&#8230;&#8230;&#8230;&#8230;&#8230;&#8230;&#8230;&#8230;21<\/p>\n<p>Sobre as mudan\u00e7as nos corpos&#8230;&#8230;&#8230;&#8230;&#8230;&#8230;&#8230;&#8230;&#8230;&#8230;&#8230;&#8230;&#8230;..23<\/p>\n<p>A rela\u00e7\u00e3o do corpo e o olhar do outro&#8230;&#8230;&#8230;&#8230;&#8230;&#8230;&#8230;&#8230;&#8230;&#8230;.25<\/p>\n<p>O olhar sobre seu pr\u00f3prio corpo&#8230;&#8230;&#8230;&#8230;&#8230;&#8230;&#8230;&#8230;&#8230;&#8230;&#8230;&#8230;&#8230;27<\/p>\n<p>An\u00e1lise do Photovoice&#8230;&#8230;&#8230;&#8230;&#8230;&#8230;&#8230;&#8230;&#8230;&#8230;&#8230;&#8230;&#8230;&#8230;&#8230;&#8230;&#8230;&#8230;.29<\/p>\n<p>Um olhar pode mudar tudo&#8230;&#8230;&#8230;&#8230;&#8230;&#8230;&#8230;&#8230;&#8230;&#8230;&#8230;&#8230;&#8230;&#8230;&#8230;..31<\/p>\n<p>Considera\u00e7\u00f5es finais&#8230;&#8230;&#8230;&#8230;&#8230;&#8230;&#8230;&#8230;&#8230;&#8230;&#8230;&#8230;&#8230;&#8230;&#8230;&#8230;&#8230;&#8230;&#8230;.65<\/p>\n<p>Refer\u00eancias&#8230;&#8230;&#8230;&#8230;&#8230;&#8230;&#8230;&#8230;&#8230;&#8230;&#8230;&#8230;&#8230;&#8230;&#8230;&#8230;&#8230;&#8230;&#8230;&#8230;&#8230;&#8230;&#8230;&#8230;.66<\/p>\n<\/div>\n<p>&nbsp;<\/p>\n<p><strong>Caracter\u00edsticas do Produto:<\/strong><br \/>\nPESO: 0,130 Kg<br \/>\nI.S.B.N.: 978-85-69350-45-3<br \/>\nALTURA: 24,00 cm<br \/>\nLARGURA: 17,00 cm<br \/>\nPROFUNDIDADE: 0,7 cm<br \/>\nN\u00daMERO DE P\u00c1GINAS: 66<br \/>\nIDIOMA: Portugu\u00eas<br \/>\nACABAMENTO: Brochura<br \/>\nC\u00d3D. BARRAS:\u00a09788569350453<br \/>\nANO DA EDI\u00c7\u00c3O: 2022<br \/>\nAutora: Monica Tritone Medeiros<\/p>\n<\/div>\n<\/div>\n<\/div>\n<\/div>\n<\/div>\n<\/div>\n<\/div>\n<\/div>\n<\/div>\n<\/div>\n<\/div>\n<\/div>\n","protected":false},"excerpt":{"rendered":"<p>O livro \u201cO Corpo Envelhescente: percep\u00e7\u00f5es de mulheres a partir dos 40 anos sobre seus corpos\u201d d\u00e1 voz \u00e0s mulheres, a como se percebem e vivenciam o pr\u00f3prio envelhecimento, favorecendo a uma compreens\u00e3o da import\u00e2ncia do autoconhecimento nesse processo. O livro \u00e9 resultado da disserta\u00e7\u00e3o da autora Monica Tritone apresentada ao Mestrado Profissional em Psicogerontologia do Instituto Educatie de Ensino e Pesquisa. A leitura desta obra contribui para nos tornar mais conscientes do nosso pr\u00f3prio envelhecimento. \u00c9 uma obra sens\u00edvel, verdadeira e potente.<\/p>\n","protected":false},"featured_media":12407,"comment_status":"open","ping_status":"closed","template":"","meta":{"_bbp_topic_count":0,"_bbp_reply_count":0,"_bbp_total_topic_count":0,"_bbp_total_reply_count":0,"_bbp_voice_count":0,"_bbp_anonymous_reply_count":0,"_bbp_topic_count_hidden":0,"_bbp_reply_count_hidden":0,"_bbp_forum_subforum_count":0,"pmpro_default_level":""},"product_brand":[],"product_cat":[67,66,80,69],"product_tag":[70,68,81],"class_list":{"0":"post-12403","1":"product","2":"type-product","3":"status-publish","4":"has-post-thumbnail","6":"product_cat-ebooks","7":"product_cat-livros","8":"product_cat-loja","9":"product_cat-todos-livros","10":"product_tag-ebook","11":"product_tag-livros","12":"product_tag-loja","13":"pmpro-has-access","15":"first","16":"instock","17":"shipping-taxable","18":"purchasable","19":"product-type-variable"},"_links":{"self":[{"href":"https:\/\/edicoes.portaldoenvelhecimento.com.br\/novo\/wp-json\/wp\/v2\/product\/12403","targetHints":{"allow":["GET"]}}],"collection":[{"href":"https:\/\/edicoes.portaldoenvelhecimento.com.br\/novo\/wp-json\/wp\/v2\/product"}],"about":[{"href":"https:\/\/edicoes.portaldoenvelhecimento.com.br\/novo\/wp-json\/wp\/v2\/types\/product"}],"replies":[{"embeddable":true,"href":"https:\/\/edicoes.portaldoenvelhecimento.com.br\/novo\/wp-json\/wp\/v2\/comments?post=12403"}],"version-history":[{"count":3,"href":"https:\/\/edicoes.portaldoenvelhecimento.com.br\/novo\/wp-json\/wp\/v2\/product\/12403\/revisions"}],"predecessor-version":[{"id":12413,"href":"https:\/\/edicoes.portaldoenvelhecimento.com.br\/novo\/wp-json\/wp\/v2\/product\/12403\/revisions\/12413"}],"wp:featuredmedia":[{"embeddable":true,"href":"https:\/\/edicoes.portaldoenvelhecimento.com.br\/novo\/wp-json\/wp\/v2\/media\/12407"}],"wp:attachment":[{"href":"https:\/\/edicoes.portaldoenvelhecimento.com.br\/novo\/wp-json\/wp\/v2\/media?parent=12403"}],"wp:term":[{"taxonomy":"product_brand","embeddable":true,"href":"https:\/\/edicoes.portaldoenvelhecimento.com.br\/novo\/wp-json\/wp\/v2\/product_brand?post=12403"},{"taxonomy":"product_cat","embeddable":true,"href":"https:\/\/edicoes.portaldoenvelhecimento.com.br\/novo\/wp-json\/wp\/v2\/product_cat?post=12403"},{"taxonomy":"product_tag","embeddable":true,"href":"https:\/\/edicoes.portaldoenvelhecimento.com.br\/novo\/wp-json\/wp\/v2\/product_tag?post=12403"}],"curies":[{"name":"wp","href":"https:\/\/api.w.org\/{rel}","templated":true}]}}