{"id":11451,"date":"2024-08-12T16:54:05","date_gmt":"2024-08-12T19:54:05","guid":{"rendered":"https:\/\/edicoes.portaldoenvelhecimento.com.br\/novo\/?post_type=product&#038;p=11451"},"modified":"2026-04-07T16:49:05","modified_gmt":"2026-04-07T19:49:05","slug":"combo-alzheimer-na-familia","status":"publish","type":"product","link":"https:\/\/edicoes.portaldoenvelhecimento.com.br\/novo\/produto\/combo-alzheimer-na-familia\/","title":{"rendered":"Combo: Alzheimer na Fam\u00edlia"},"content":{"rendered":"<p><strong>Mais informa\u00e7\u00f5es sobre os livros:<\/strong><\/p>\n<p>O Alem\u00e3o Veio nos Visitar:<\/p>\n<ul>\n<li><a href=\"https:\/\/edicoes.portaldoenvelhecimento.com.br\/novo\/produto\/o-alemao-veio-nos-visitar-acolhendo-o-visitante-indesejado\/\" target=\"_blank\" rel=\"noopener\">Clique aqui: https:\/\/edicoes.portaldoenvelhecimento.com.br\/novo\/produto\/o-alemao-veio-nos-visitar-acolhendo-o-visitante-indesejado\/<\/a><\/li>\n<\/ul>\n<p>O Alem\u00e3o Pegou o Bonde:<\/p>\n<ul>\n<li><a href=\"https:\/\/edicoes.portaldoenvelhecimento.com.br\/novo\/produto\/o-alemao-pegou-o-bonde\/\" target=\"_blank\" rel=\"noopener\">Clique aqui: https:\/\/edicoes.portaldoenvelhecimento.com.br\/novo\/produto\/o-alemao-pegou-o-bonde\/<\/a><\/li>\n<\/ul>\n","protected":false},"excerpt":{"rendered":"<p><strong>LIVRO 1 &#8211; O Alem\u00e3o Veio nos Visitar<\/strong><\/p>\n<ul>\n<li>\u00c9 uma obra fant\u00e1stica de ressignifica\u00e7\u00e3o da dor inicial quando a autora se debate com a confirma\u00e7\u00e3o do diagn\u00f3stico de Alzheimer de sua m\u00e3e.<\/li>\n<li>Leitura leve, hil\u00e1ria em muitos momentos, mas com profunda consci\u00eancia e indigna\u00e7\u00e3o em muitos dos relatos; do quanto nossa sociedade est\u00e1 despreparada para lidar com o envelhecimento humano em si, e menos ainda com idosos fr\u00e1geis e vulner\u00e1veis por serem portadores de s\u00edndromes demenciais; quanto o sistema de sa\u00fade pode ser um s\u00e9rio complicador e fator de estresse e sofrimento para pacientes e familiares.<\/li>\n<li>De filha assustada a filha mergulhada e envolvida, que usa de seus dons infusos do amor filial, e dos dotes de sua voca\u00e7\u00e3o de engenheira, surge uma bela li\u00e7\u00e3o de vida e um testemunho de sofrimento levado com humor, intelig\u00eancia e criatividade.<\/li>\n<\/ul>\n<p>&nbsp;<\/p>\n<p><strong>LIVRO 2 &#8211; O Alem\u00e3o Pegou o Bonde<\/strong><\/p>\n<ul>\n<li>Ao contar como a DA, Doen\u00e7a de Alzheimer, entrou na nossa vida, garfando mam\u00e3e aos pouquinhos, compartilho com pessoas que vivem situa\u00e7\u00f5es semelhantes a esperan\u00e7a de continuar suas vidas sem embarcar no bonde do desespero.<\/li>\n<li>Aten\u00e7\u00e3o, cuidado, muito cuidado, pois sem o reconhecimento e a aceita\u00e7\u00e3o da presen\u00e7a do Alem\u00e3o o futuro da fam\u00edlia se esfacela de fato. Entendo a dificuldade em aceit\u00e1-lo, a rejei\u00e7\u00e3o, afinal, quem em s\u00e3 consci\u00eancia se disp\u00f5e a acolher um alem\u00e3o que entra com os dois p\u00e9s na sua casa e chega mandando, impondo mudan\u00e7as, amea\u00e7ando tirar o ju\u00edzo de todos, n\u00e3o s\u00f3 da anfitri\u00e3 ou anfitri\u00e3o, chega disposto a acabar com o parco conforto familiar? A princ\u00edpio, ningu\u00e9m quer receber esse visitante, mas vou dizer uma coisa, acolher o Alem\u00e3o n\u00e3o \u00e9 uma op\u00e7\u00e3o, trata-se de uma necessidade. Como assim? Falo por experi\u00eancia pr\u00f3pria, infelizmente.<\/li>\n<\/ul>\n","protected":false},"featured_media":11454,"comment_status":"open","ping_status":"closed","template":"","meta":{"_bbp_topic_count":0,"_bbp_reply_count":0,"_bbp_total_topic_count":0,"_bbp_total_reply_count":0,"_bbp_voice_count":0,"_bbp_anonymous_reply_count":0,"_bbp_topic_count_hidden":0,"_bbp_reply_count_hidden":0,"_bbp_forum_subforum_count":0,"pmpro_default_level":""},"product_brand":[],"product_cat":[66,90,71,69],"product_tag":[68],"class_list":{"0":"post-11451","1":"product","2":"type-product","3":"status-publish","4":"has-post-thumbnail","6":"product_cat-livros","7":"product_cat-livros-sobre-alzheimer","8":"product_cat-promocoes","9":"product_cat-todos-livros","10":"product_tag-livros","11":"pmpro-has-access","13":"first","14":"instock","15":"sale","16":"shipping-taxable","17":"purchasable","18":"product-type-simple"},"_links":{"self":[{"href":"https:\/\/edicoes.portaldoenvelhecimento.com.br\/novo\/wp-json\/wp\/v2\/product\/11451","targetHints":{"allow":["GET"]}}],"collection":[{"href":"https:\/\/edicoes.portaldoenvelhecimento.com.br\/novo\/wp-json\/wp\/v2\/product"}],"about":[{"href":"https:\/\/edicoes.portaldoenvelhecimento.com.br\/novo\/wp-json\/wp\/v2\/types\/product"}],"replies":[{"embeddable":true,"href":"https:\/\/edicoes.portaldoenvelhecimento.com.br\/novo\/wp-json\/wp\/v2\/comments?post=11451"}],"version-history":[{"count":6,"href":"https:\/\/edicoes.portaldoenvelhecimento.com.br\/novo\/wp-json\/wp\/v2\/product\/11451\/revisions"}],"predecessor-version":[{"id":29722,"href":"https:\/\/edicoes.portaldoenvelhecimento.com.br\/novo\/wp-json\/wp\/v2\/product\/11451\/revisions\/29722"}],"wp:featuredmedia":[{"embeddable":true,"href":"https:\/\/edicoes.portaldoenvelhecimento.com.br\/novo\/wp-json\/wp\/v2\/media\/11454"}],"wp:attachment":[{"href":"https:\/\/edicoes.portaldoenvelhecimento.com.br\/novo\/wp-json\/wp\/v2\/media?parent=11451"}],"wp:term":[{"taxonomy":"product_brand","embeddable":true,"href":"https:\/\/edicoes.portaldoenvelhecimento.com.br\/novo\/wp-json\/wp\/v2\/product_brand?post=11451"},{"taxonomy":"product_cat","embeddable":true,"href":"https:\/\/edicoes.portaldoenvelhecimento.com.br\/novo\/wp-json\/wp\/v2\/product_cat?post=11451"},{"taxonomy":"product_tag","embeddable":true,"href":"https:\/\/edicoes.portaldoenvelhecimento.com.br\/novo\/wp-json\/wp\/v2\/product_tag?post=11451"}],"curies":[{"name":"wp","href":"https:\/\/api.w.org\/{rel}","templated":true}]}}