{"id":11434,"date":"2024-08-18T16:25:27","date_gmt":"2024-08-18T19:25:27","guid":{"rendered":"https:\/\/edicoes.portaldoenvelhecimento.com.br\/novo\/?post_type=product&#038;p=11434"},"modified":"2025-02-25T21:40:37","modified_gmt":"2025-02-26T00:40:37","slug":"combo-3-livros-com-propostas-de-atividades-para-idosos","status":"publish","type":"product","link":"https:\/\/edicoes.portaldoenvelhecimento.com.br\/novo\/produto\/combo-3-livros-com-propostas-de-atividades-para-idosos\/","title":{"rendered":"COMBO 97 ATIVIDADES: Propostas para trabalhar com pessoas idosas"},"content":{"rendered":"<p><strong>Mais informa\u00e7\u00f5es sobre os livros:<\/strong><\/p>\n<p>Tecendo \u2013 30 Oficinas para o Segmento 60+<\/p>\n<ul>\n<li><a href=\"https:\/\/edicoes.portaldoenvelhecimento.com.br\/novo\/produto\/tecendo-30-oficinas-para-o-segmento-60\/\" target=\"_blank\" rel=\"noopener\">Clique aqui:\u00a0https:\/\/edicoes.portaldoenvelhecimento.com.br\/novo\/produto\/tecendo-30-oficinas-para-o-segmento-60\/<\/a><\/li>\n<\/ul>\n<p>Din\u00e2micas de Grupo para Idosos \u2013 35 Atividades que Estimulam e Divertem<\/p>\n<ul>\n<li><a href=\"https:\/\/edicoes.portaldoenvelhecimento.com.br\/novo\/produto\/dinamicas-de-grupo-para-idosos-atividades-que-estimulam-e-divertem\/\" target=\"_blank\" rel=\"noopener\">Clique aqui: https:\/\/edicoes.portaldoenvelhecimento.com.br\/novo\/produto\/dinamicas-de-grupo-para-idosos-atividades-que-estimulam-e-divertem\/<\/a><\/li>\n<\/ul>\n<p>Po\u00e9tica da Velhice \u2013 32 propostas de atividades<\/p>\n<ul>\n<li><a href=\"https:\/\/edicoes.portaldoenvelhecimento.com.br\/novo\/produto\/poetica-da-velhice-32-propostas-de-atividades\/\" target=\"_blank\" rel=\"noopener\">Clique aqui: https:\/\/edicoes.portaldoenvelhecimento.com.br\/novo\/produto\/poetica-da-velhice-32-propostas-de-atividades\/<\/a><\/li>\n<\/ul>\n","protected":false},"excerpt":{"rendered":"<p><strong>3 Livros com o total de 97 Atividades <\/strong><strong>LIVRO 1 &#8211; Tecendo \u2013 30 Oficinas para o Segmento 60+<\/strong><\/p>\n<ul>\n<li>S\u00f4nia Fuentes apresenta um livro em forma de Caderno de Atividades contendo 30 oficinas detalhadas para se trabalhar com o p\u00fablico 60+.\u00a0<strong>Enumera todo o material a ser utilizado, orienta o ritual para a a\u00e7\u00e3o e os desafios<\/strong> que promover\u00e3o bem-estar, vivacidade, vitalidade, socializa\u00e7\u00e3o e uma melhora consider\u00e1vel na mem\u00f3ria e cogni\u00e7\u00e3o dos participantes.<\/li>\n<\/ul>\n<p><strong>LIVRO 2 &#8211; Din\u00e2micas de Grupo para Idosos\u00a0<\/strong><\/p>\n<ul>\n<li>O livro apresenta\u00a0<strong>35 atividades para familiares e profissionais<\/strong>\u00a0que atuam com pessoas idosas, todas testadas no dia a dia, pois as autoras se dedicam h\u00e1 anos ao estudo e pr\u00e1tica profissional na universidade e em Centro Dia e ILPI (Institui\u00e7\u00e3o de Longa Perman\u00eancia).<\/li>\n<\/ul>\n<p><strong>LIVRO 3 &#8211; Po\u00e9tica da Velhice \u2013 32 propostas de atividades<\/strong><\/p>\n<ul>\n<li>Cristiane Pomeranz, arteterapeuta com mestrado em gerontologia, apresenta um livro delicioso, uma obra de arte em forma de cr\u00f4nicas do cotidiano a partir do seu viver e da intera\u00e7\u00e3o com idosos, muitos deles com Alzheimer. Ap\u00f3s cada narrativa, uma proposta de atividade e uma ilustra\u00e7\u00e3o\/desenho para inspirar e ser pintada.<\/li>\n<\/ul>\n<p>&nbsp;<\/p>\n","protected":false},"featured_media":28114,"comment_status":"open","ping_status":"closed","template":"","meta":{"_bbp_topic_count":0,"_bbp_reply_count":0,"_bbp_total_topic_count":0,"_bbp_total_reply_count":0,"_bbp_voice_count":0,"_bbp_anonymous_reply_count":0,"_bbp_topic_count_hidden":0,"_bbp_reply_count_hidden":0,"_bbp_forum_subforum_count":0,"pmpro_default_level":""},"product_brand":[],"product_cat":[66,91,90,71,69],"product_tag":[68],"class_list":{"0":"post-11434","1":"product","2":"type-product","3":"status-publish","4":"has-post-thumbnail","6":"product_cat-livros","7":"product_cat-livros-com-propostas-de-atividades","8":"product_cat-livros-sobre-alzheimer","9":"product_cat-promocoes","10":"product_cat-todos-livros","11":"product_tag-livros","12":"pmpro-has-access","14":"first","15":"instock","16":"sale","17":"shipping-taxable","18":"purchasable","19":"product-type-simple"},"_links":{"self":[{"href":"https:\/\/edicoes.portaldoenvelhecimento.com.br\/novo\/wp-json\/wp\/v2\/product\/11434","targetHints":{"allow":["GET"]}}],"collection":[{"href":"https:\/\/edicoes.portaldoenvelhecimento.com.br\/novo\/wp-json\/wp\/v2\/product"}],"about":[{"href":"https:\/\/edicoes.portaldoenvelhecimento.com.br\/novo\/wp-json\/wp\/v2\/types\/product"}],"replies":[{"embeddable":true,"href":"https:\/\/edicoes.portaldoenvelhecimento.com.br\/novo\/wp-json\/wp\/v2\/comments?post=11434"}],"version-history":[{"count":22,"href":"https:\/\/edicoes.portaldoenvelhecimento.com.br\/novo\/wp-json\/wp\/v2\/product\/11434\/revisions"}],"predecessor-version":[{"id":29720,"href":"https:\/\/edicoes.portaldoenvelhecimento.com.br\/novo\/wp-json\/wp\/v2\/product\/11434\/revisions\/29720"}],"wp:featuredmedia":[{"embeddable":true,"href":"https:\/\/edicoes.portaldoenvelhecimento.com.br\/novo\/wp-json\/wp\/v2\/media\/28114"}],"wp:attachment":[{"href":"https:\/\/edicoes.portaldoenvelhecimento.com.br\/novo\/wp-json\/wp\/v2\/media?parent=11434"}],"wp:term":[{"taxonomy":"product_brand","embeddable":true,"href":"https:\/\/edicoes.portaldoenvelhecimento.com.br\/novo\/wp-json\/wp\/v2\/product_brand?post=11434"},{"taxonomy":"product_cat","embeddable":true,"href":"https:\/\/edicoes.portaldoenvelhecimento.com.br\/novo\/wp-json\/wp\/v2\/product_cat?post=11434"},{"taxonomy":"product_tag","embeddable":true,"href":"https:\/\/edicoes.portaldoenvelhecimento.com.br\/novo\/wp-json\/wp\/v2\/product_tag?post=11434"}],"curies":[{"name":"wp","href":"https:\/\/api.w.org\/{rel}","templated":true}]}}