{"id":91,"date":"2015-10-22T03:26:46","date_gmt":"2015-10-22T03:26:46","guid":{"rendered":"http:\/\/demo.thimpress.com\/eduma\/?page_id=91"},"modified":"2025-03-18T20:24:24","modified_gmt":"2025-03-18T23:24:24","slug":"perguntas-frequentes","status":"publish","type":"page","link":"https:\/\/edicoes.portaldoenvelhecimento.com.br\/novo\/perguntas-frequentes\/","title":{"rendered":"Perguntas Frequentes"},"content":{"rendered":"\t\t<div data-elementor-type=\"wp-post\" data-elementor-id=\"91\" class=\"elementor elementor-91\">\n\t\t\t\t\t\t<section class=\"elementor-section elementor-top-section elementor-element elementor-element-eec9892 elementor-section-boxed elementor-section-height-default elementor-section-height-default\" data-id=\"eec9892\" data-element_type=\"section\" data-e-type=\"section\">\n\t\t\t\t\t\t<div class=\"elementor-container elementor-column-gap-default\">\n\t\t\t\t\t<div class=\"elementor-column elementor-col-100 elementor-top-column elementor-element elementor-element-bc6a7df\" data-id=\"bc6a7df\" data-element_type=\"column\" data-e-type=\"column\">\n\t\t\t<div class=\"elementor-widget-wrap elementor-element-populated\">\n\t\t\t\t\t\t<div class=\"elementor-element elementor-element-6ff2307 thim-ekits-heading-text-center elementor-widget thim-ekits-heading elementor-widget-thim-heading\" data-id=\"6ff2307\" data-element_type=\"widget\" data-e-type=\"widget\" data-widget_type=\"thim-heading.default\">\n\t\t\t\t<div class=\"elementor-widget-container\">\n\t\t\t\t\t<div class=\"sc_heading text-center\"><h3 class=\"title\">Perguntas Frequentes <\/h3><div class=\"sub-heading\"><p>Todas as respostas que voc\u00ea procura<\/p>\n<\/div><span class=\"line\"><\/span><\/div>\t\t\t\t<\/div>\n\t\t\t\t<\/div>\n\t\t\t\t\t<\/div>\n\t\t<\/div>\n\t\t\t\t\t<\/div>\n\t\t<\/section>\n\t\t\t\t<section class=\"elementor-section elementor-top-section elementor-element elementor-element-ce40521 elementor-section-boxed elementor-section-height-default elementor-section-height-default\" data-id=\"ce40521\" data-element_type=\"section\" data-e-type=\"section\">\n\t\t\t\t\t\t<div class=\"elementor-container elementor-column-gap-default\">\n\t\t\t\t\t<div class=\"elementor-column elementor-col-100 elementor-top-column elementor-element elementor-element-d3f0c20\" data-id=\"d3f0c20\" data-element_type=\"column\" data-e-type=\"column\">\n\t\t\t<div class=\"elementor-widget-wrap elementor-element-populated\">\n\t\t\t\t\t\t<div class=\"elementor-element elementor-element-45a2cc3 elementor-widget elementor-widget-thim-accordion\" data-id=\"45a2cc3\" data-element_type=\"widget\" data-e-type=\"widget\" data-widget_type=\"thim-accordion.default\">\n\t\t\t\t<div class=\"elementor-widget-container\">\n\t\t\t\t\t<div class=\"thim-widget-accordion\"><h3 class=\"widget-title\">Sobre a Editora<\/h3><div id=\"accordion_45a2cc3\" class=\"panel-group\" role=\"tablist\" aria-multiselectable=\"true\">\n\t\t\t<div class=\"panel panel-default\">\n\t\t\t\t<div class=\"panel-heading\" role=\"tab\"\n\t\t\t\t\tid=\"heading_accordion_45a2cc3_0\">\n\t\t\t\t\t<h4 class=\"panel-title\">\n\t\t\t\t\t\t<a role=\"button\" class=\"collapsed\" data-toggle=\"collapse\"\n\t\t\t\t\t\t\tdata-parent=\"#accordion_45a2cc3\"\n\t\t\t\t\t\t\thref=\"#collapse_accordion_45a2cc3_0\" aria-expanded=\"false\"\n\t\t\t\t\t\t\taria-controls=\"collapse_accordion_45a2cc3_0\">\n\t\t\t\t\t\t\tQual o m\u00e9todo de entrega dos livros?\t\t\t\t\t\t<\/a>\n\t\t\t\t\t<\/h4>\n\t\t\t\t<\/div>\n\t\t\t\t<div id=\"collapse_accordion_45a2cc3_0\"\n\t\t\t\t\tclass=\"panel-collapse collapse\"\n\t\t\t\t\trole=\"tabpanel\" aria-labelledby=\"heading_accordion_45a2cc3_0\">\n\t\t\t\t\t<div class=\"panel-body\">\n\t\t\t\t\t\t<p>Os livros s\u00e3o entregues pelos Correios.<\/p>\n\t\t\t\t\t<\/div>\n\t\t\t\t<\/div>\n\t\t\t<\/div>\n\n\t\t\t\n\t\t\t<div class=\"panel panel-default\">\n\t\t\t\t<div class=\"panel-heading\" role=\"tab\"\n\t\t\t\t\tid=\"heading_accordion_45a2cc3_1\">\n\t\t\t\t\t<h4 class=\"panel-title\">\n\t\t\t\t\t\t<a role=\"button\" class=\"collapsed\" data-toggle=\"collapse\"\n\t\t\t\t\t\t\tdata-parent=\"#accordion_45a2cc3\"\n\t\t\t\t\t\t\thref=\"#collapse_accordion_45a2cc3_1\" aria-expanded=\"false\"\n\t\t\t\t\t\t\taria-controls=\"collapse_accordion_45a2cc3_1\">\n\t\t\t\t\t\t\tQuanto tempo demora a entrega?\t\t\t\t\t\t<\/a>\n\t\t\t\t\t<\/h4>\n\t\t\t\t<\/div>\n\t\t\t\t<div id=\"collapse_accordion_45a2cc3_1\"\n\t\t\t\t\tclass=\"panel-collapse collapse\"\n\t\t\t\t\trole=\"tabpanel\" aria-labelledby=\"heading_accordion_45a2cc3_1\">\n\t\t\t\t\t<div class=\"panel-body\">\n\t\t\t\t\t\t<p>A entrega demora em m\u00e9dia uma semana.<\/p>\n\t\t\t\t\t<\/div>\n\t\t\t\t<\/div>\n\t\t\t<\/div>\n\n\t\t\t\n\t\t\t<div class=\"panel panel-default\">\n\t\t\t\t<div class=\"panel-heading\" role=\"tab\"\n\t\t\t\t\tid=\"heading_accordion_45a2cc3_2\">\n\t\t\t\t\t<h4 class=\"panel-title\">\n\t\t\t\t\t\t<a role=\"button\" class=\"collapsed\" data-toggle=\"collapse\"\n\t\t\t\t\t\t\tdata-parent=\"#accordion_45a2cc3\"\n\t\t\t\t\t\t\thref=\"#collapse_accordion_45a2cc3_2\" aria-expanded=\"false\"\n\t\t\t\t\t\t\taria-controls=\"collapse_accordion_45a2cc3_2\">\n\t\t\t\t\t\t\tPrefiro comprar presencialmente, onde acho os livros da editora?\t\t\t\t\t\t<\/a>\n\t\t\t\t\t<\/h4>\n\t\t\t\t<\/div>\n\t\t\t\t<div id=\"collapse_accordion_45a2cc3_2\"\n\t\t\t\t\tclass=\"panel-collapse collapse\"\n\t\t\t\t\trole=\"tabpanel\" aria-labelledby=\"heading_accordion_45a2cc3_2\">\n\t\t\t\t\t<div class=\"panel-body\">\n\t\t\t\t\t\t<p>Nossa loja \u00e9 online, vendemos todos os nossos produtos por este site. E, em ocasi\u00f5es especiais, como grandes eventos da longevidade, vendemos presencialmente.<\/p>\n\t\t\t\t\t<\/div>\n\t\t\t\t<\/div>\n\t\t\t<\/div>\n\n\t\t\t\n\t\t\t<div class=\"panel panel-default\">\n\t\t\t\t<div class=\"panel-heading\" role=\"tab\"\n\t\t\t\t\tid=\"heading_accordion_45a2cc3_3\">\n\t\t\t\t\t<h4 class=\"panel-title\">\n\t\t\t\t\t\t<a role=\"button\" class=\"collapsed\" data-toggle=\"collapse\"\n\t\t\t\t\t\t\tdata-parent=\"#accordion_45a2cc3\"\n\t\t\t\t\t\t\thref=\"#collapse_accordion_45a2cc3_3\" aria-expanded=\"false\"\n\t\t\t\t\t\t\taria-controls=\"collapse_accordion_45a2cc3_3\">\n\t\t\t\t\t\t\tEu quero publicar um livro, posso publicar com voc\u00eas?\t\t\t\t\t\t<\/a>\n\t\t\t\t\t<\/h4>\n\t\t\t\t<\/div>\n\t\t\t\t<div id=\"collapse_accordion_45a2cc3_3\"\n\t\t\t\t\tclass=\"panel-collapse collapse\"\n\t\t\t\t\trole=\"tabpanel\" aria-labelledby=\"heading_accordion_45a2cc3_3\">\n\t\t\t\t\t<div class=\"panel-body\">\n\t\t\t\t\t\t<p>Caso seu livro esteja dentro da tem\u00e1tica do envelhecimento e velhice, voc\u00ea pode mandar um e-mail para nossa editora (editora@portaldoenvelhecimento.com.br) com as informa\u00e7\u00f5es do seu livro que o respons\u00e1vel te responder\u00e1 por l\u00e1! <\/p>\n\t\t\t\t\t<\/div>\n\t\t\t\t<\/div>\n\t\t\t<\/div>\n\n\t\t\t<\/div><\/div>\t\t\t\t<\/div>\n\t\t\t\t<\/div>\n\t\t\t\t\t<\/div>\n\t\t<\/div>\n\t\t\t\t\t<\/div>\n\t\t<\/section>\n\t\t\t\t<section class=\"elementor-section elementor-top-section elementor-element elementor-element-1f2e7a6 elementor-section-boxed elementor-section-height-default elementor-section-height-default\" data-id=\"1f2e7a6\" data-element_type=\"section\" data-e-type=\"section\">\n\t\t\t\t\t\t<div class=\"elementor-container elementor-column-gap-default\">\n\t\t\t\t\t<div class=\"elementor-column elementor-col-100 elementor-top-column elementor-element elementor-element-971dc6b\" data-id=\"971dc6b\" data-element_type=\"column\" data-e-type=\"column\">\n\t\t\t<div class=\"elementor-widget-wrap elementor-element-populated\">\n\t\t\t\t\t\t<div class=\"elementor-element elementor-element-0c4df2a elementor-widget-divider--view-line elementor-widget elementor-widget-divider\" data-id=\"0c4df2a\" data-element_type=\"widget\" data-e-type=\"widget\" data-widget_type=\"divider.default\">\n\t\t\t\t<div class=\"elementor-widget-container\">\n\t\t\t\t\t\t\t<div class=\"elementor-divider\">\n\t\t\t<span class=\"elementor-divider-separator\">\n\t\t\t\t\t\t<\/span>\n\t\t<\/div>\n\t\t\t\t\t\t<\/div>\n\t\t\t\t<\/div>\n\t\t\t\t<div class=\"elementor-element elementor-element-5ec35ae elementor-widget elementor-widget-text-editor\" data-id=\"5ec35ae\" data-element_type=\"widget\" data-e-type=\"widget\" data-widget_type=\"text-editor.default\">\n\t\t\t\t<div class=\"elementor-widget-container\">\n\t\t\t\t\t\t\t\t\t<p><br \/>Ainda tem alguma d\u00favida? mande um e-mail para gente!\u00a0<\/p><p><strong><span style=\"color: var( --e-global-color-text ); font-family: var( --e-global-typography-text-font-family ), Sans-serif;\">editora@portaldoenvelhecimento.com.br<br \/><br \/><br \/><br \/><\/span><\/strong><\/p>\t\t\t\t\t\t\t\t<\/div>\n\t\t\t\t<\/div>\n\t\t\t\t\t<\/div>\n\t\t<\/div>\n\t\t\t\t\t<\/div>\n\t\t<\/section>\n\t\t\t\t<\/div>\n\t\t","protected":false},"excerpt":{"rendered":"<p>Perguntas Frequentes Todas as respostas que voc\u00ea procura Sobre a Editora Qual o m\u00e9todo de entrega dos livros? Os livros s\u00e3o entregues pelos Correios. Quanto tempo demora a entrega? A entrega demora em m\u00e9dia uma semana. Prefiro comprar presencialmente, onde &hellip; <\/p>\n","protected":false},"author":1,"featured_media":0,"parent":0,"menu_order":0,"comment_status":"closed","ping_status":"closed","template":"","meta":{"_bbp_topic_count":0,"_bbp_reply_count":0,"_bbp_total_topic_count":0,"_bbp_total_reply_count":0,"_bbp_voice_count":0,"_bbp_anonymous_reply_count":0,"_bbp_topic_count_hidden":0,"_bbp_reply_count_hidden":0,"_bbp_forum_subforum_count":0,"pmpro_default_level":"","footnotes":""},"class_list":["post-91","page","type-page","status-publish","hentry","pmpro-has-access"],"_links":{"self":[{"href":"https:\/\/edicoes.portaldoenvelhecimento.com.br\/novo\/wp-json\/wp\/v2\/pages\/91","targetHints":{"allow":["GET"]}}],"collection":[{"href":"https:\/\/edicoes.portaldoenvelhecimento.com.br\/novo\/wp-json\/wp\/v2\/pages"}],"about":[{"href":"https:\/\/edicoes.portaldoenvelhecimento.com.br\/novo\/wp-json\/wp\/v2\/types\/page"}],"author":[{"embeddable":true,"href":"https:\/\/edicoes.portaldoenvelhecimento.com.br\/novo\/wp-json\/wp\/v2\/users\/1"}],"replies":[{"embeddable":true,"href":"https:\/\/edicoes.portaldoenvelhecimento.com.br\/novo\/wp-json\/wp\/v2\/comments?post=91"}],"version-history":[{"count":14,"href":"https:\/\/edicoes.portaldoenvelhecimento.com.br\/novo\/wp-json\/wp\/v2\/pages\/91\/revisions"}],"predecessor-version":[{"id":31752,"href":"https:\/\/edicoes.portaldoenvelhecimento.com.br\/novo\/wp-json\/wp\/v2\/pages\/91\/revisions\/31752"}],"wp:attachment":[{"href":"https:\/\/edicoes.portaldoenvelhecimento.com.br\/novo\/wp-json\/wp\/v2\/media?parent=91"}],"curies":[{"name":"wp","href":"https:\/\/api.w.org\/{rel}","templated":true}]}}